{"id":447,"date":"2023-04-23T08:16:00","date_gmt":"2023-04-23T08:16:00","guid":{"rendered":"https:\/\/jorge-alvarado.com\/?page_id=447"},"modified":"2024-04-23T08:17:38","modified_gmt":"2024-04-23T08:17:38","slug":"moedas-mundiais-e-seu-significado","status":"publish","type":"page","link":"https:\/\/jorge-alvarado.com\/index.php\/moedas-mundiais-e-seu-significado\/","title":{"rendered":"Moedas mundiais e seu significado"},"content":{"rendered":"\n<p>Na sociedade de pagamentos atual, os pa\u00edses est\u00e3o extremamente interligados, por isso as finan\u00e7as desempenham um papel de lideran\u00e7a neste sistema vers\u00e1til de rela\u00e7\u00f5es de pagamento globais. As moedas internacionais, seja o d\u00f3lar americano, o euro, a libra esterlina ou o iene japon\u00eas, servem n\u00e3o apenas como um m\u00e9todo de transfer\u00eancia entre seus pa\u00edses, mas tamb\u00e9m s\u00e3o ativos avan\u00e7ados no com\u00e9rcio global, no investimento e na economia. regula\u00e7\u00e3o monet\u00e1ria. As moedas definem o pre\u00e7o dos produtos e servi\u00e7os no mercado global, influenciam a estrat\u00e9gia financeira dos pa\u00edses e formam as rela\u00e7\u00f5es financeiras internacionais. Para publica\u00e7\u00f5es mais informativas sobre economia, visite o nosso site <a href=\"https:\/\/znaki.fm\/pt\/currencies\/\">https:\/\/znaki.fm\/pt\/currencies\/<\/a> onde muitos trabalham em Portugu\u00eas.<\/p><table><tbody><tr><td><p>Pagamentos<\/p><\/td><td><p>Pa\u00eds (onde tem curso legal)<\/p><\/td><td><p>Popularidade<\/p><\/td><\/tr><tr><td><p>D\u00f3lar canadense (CAD)<\/p><\/td><td><p>Canad\u00e1<\/p><\/td><td><p>Alto<\/p><\/td><\/tr><tr><td><p>Franco su\u00ed\u00e7o (CHF)<\/p><\/td><td><p>Su\u00ed\u00e7a<\/p><\/td><td><p>Avan\u00e7ado<\/p><\/td><\/tr><tr><td><p>Libra esterlina &pound;<\/p><\/td><td><p>Gr\u00e3-Bretanha<\/p><\/td><td><p>Significativo<\/p><\/td><\/tr><tr><td><p>Iene japon\u00eas<\/p><\/td><td><p>Jap\u00e3o<\/p><\/td><td><p>Avan\u00e7ado<\/p><\/td><\/tr><tr><td><p>Euro<\/p><\/td><td><p>Zona Euro<\/p><\/td><td><p>Significativo<\/p><\/td><\/tr><tr><td><p>$ americano<\/p><\/td><td><p>EUA<\/p><\/td><td><p>Alto<\/p><\/td><\/tr><\/tbody><\/table><p>Na maioria das situa\u00e7\u00f5es, cada estado tem sua pr\u00f3pria moeda que existe como meio oficial de pagamento dentro de suas fronteiras. Isto proporciona aos decisores pol\u00edticos a capacidade de controlar o sistema econ\u00f3mico e de cr\u00e9dito do estado, incluindo o grau de volatilidade, as taxas de juro e a taxa de c\u00e2mbio. Ter uma moeda pessoal permite que os pa\u00edses se ajustem a par\u00e2metros monet\u00e1rios inst\u00e1veis atrav\u00e9s da implementa\u00e7\u00e3o de uma pol\u00edtica de pagamentos independente, necess\u00e1ria para promover a estabilidade e a melhoria dos pagamentos. No entanto, nas condi\u00e7\u00f5es de globaliza\u00e7\u00e3o e interdepend\u00eancia da economia mundial, a instabilidade das taxas de c\u00e2mbio nacionais pode ter consequ\u00eancias em grande escala n\u00e3o s\u00f3 para alguns estados, mas tamb\u00e9m para toda a associa\u00e7\u00e3o mundial.<\/p><p>As principais tarefas das unidades de v\u00e1rios estados:<\/p><ol><li>Elemento do sistema monet\u00e1rio: atrav\u00e9s da economia, as organiza\u00e7\u00f5es reguladoras nacionais (por exemplo, grandes bancos) podem influenciar os pagamentos gerenciando op\u00e7\u00f5es cambiais, taxas de juros e infla\u00e7\u00e3o.<\/li><li>Assunto da fatura: A moeda fornece uma medida geral do pre\u00e7o de bens e servi\u00e7os, o que permite comparar pre\u00e7os e custos de diferentes itens.<\/li><li>Ferramenta de acumula\u00e7\u00e3o: uma unidade pode reter valor ao longo do tempo, oferecendo uma maneira para a sociedade reter ou acumular recursos para uso futuro.<\/li><li>Modelo de pagamento diferido: a moeda \u00e9 usada como uma forma abrangente de medir e pagar d\u00edvidas e obriga\u00e7\u00f5es no futuro.<\/li><li>M\u00e9todo de troca m\u00fatua: a moeda permite que a sociedade compre e forne\u00e7a produtos e servi\u00e7os, melhorando assim as vendas entre os diferentes participantes.<\/li><\/ol><h2>O papel do dinheiro nas viagens<\/h2><p>A unidade tem um papel de extrema import\u00e2ncia no ramo de viagens, pois existe como o principal elemento que garante a comodidade e possibilidade de viagens internacionais. Para os turistas que atravessam fronteiras, o fato de trocar finan\u00e7as torna-se especialmente cr\u00edtico, pois para fazer uma compra, pagar um servi\u00e7o e at\u00e9 mesmo uma estadia agrad\u00e1vel em outro pa\u00eds, \u00e9 necess\u00e1rio ter a moeda local em seu poder. Nesta formula\u00e7\u00e3o, as casas de c\u00e2mbio desempenham um papel importante, permitindo aos turistas trocar imediata e facilmente a sua unidade nacional pela moeda do pa\u00eds anfitri\u00e3o.<\/p><p>Em todo o mundo, existem casas de c\u00e2mbio em aeroportos, zonas de f\u00e9rias, grandes hot\u00e9is e centros de cidades, prontas para apresentar os seus servi\u00e7os aos turistas.<\/p><h2>Hist\u00f3ria e evolu\u00e7\u00e3o das unidades<\/h2><p>No processo de evolu\u00e7\u00e3o da economia internacional, o dinheiro obteve progressos significativos, reproduzindo modifica\u00e7\u00f5es no com\u00e9rcio, na gest\u00e3o e no desenvolvimento. Algumas unidades tornaram-se reconhecidas globalmente e desempenharam um papel importante nos esquemas de pagamento globais, tornando-se recursos priorit\u00e1rios para pagamentos e reservas. No site informativo <a href=\"https:\/\/znaki.fm\/pt\/\">Znaki<\/a>, \u00e9-lhe disponibilizada toda a base de dados sobre Portugal. USD americano, &euro;, libra esterlina &pound; e o iene japon\u00eas s\u00e3o exemplos dessas unidades, que se encontram a n\u00edvel global e se tornaram parte integrante do sistema monet\u00e1rio mundial. Do \u00e2ngulo oposto, muitas moedas estatais continuam a ser consumidas principalmente dentro de estados pessoais, sem receber uma propaganda generalizada para al\u00e9m das fronteiras dos estados. Isto \u00e9 comprovado por uma categoria de momentos, incluindo o tamanho dos pagamentos do pa\u00eds, a estabilidade da sua moeda, bem como as pol\u00edticas governamentais e de pagamento.<\/p><h3>PLN polon\u00eas<\/h3><p>O PLN polaco \u00e9 a moeda legal da Pol\u00f3nia, um pa\u00eds que ocupa um lugar importante no espa\u00e7o econ\u00f3mico da Uni\u00e3o Europeia. Desde que a Pol\u00f3nia aderiu \u00e0 Uni\u00e3o Europeia, a sua economia apresentou uma melhoria e um crescimento decentes, o que se reflecte bem na for\u00e7a e na taxa de c\u00e2mbio do PLN. Apesar de a Pol\u00f3nia n\u00e3o ter aderido \u00e0 zona euro e manter a sua pr\u00f3pria unidade nacional, o PLN permanece num bom n\u00edvel em rela\u00e7\u00e3o a outras unidades devido \u00e0 forte economia do pa\u00eds. Esta unidade desempenha um papel importante no com\u00e9rcio e investimento local, mostrando a confian\u00e7a econ\u00f3mica e a estabilidade da Pol\u00f3nia na Uni\u00e3o Europeia.<\/p><h3>US$<\/h3><p>O d\u00f3lar americano \u00e9 indiscutivelmente a unidade n\u00famero um na economia global, servindo como unidade prim\u00e1ria para contas globais, com\u00e9rcio e como unidade de reserva prim\u00e1ria para os principais bancos em todo o mundo. Entrado em circula\u00e7\u00e3o em 1792, o d\u00f3lar americano tornou-se um indicador de estabilidade financeira e confiabilidade. O seu dom\u00ednio \u00e9 evidenciado pela maior economia do mundo, os Estados Unidos, e pela sua utiliza\u00e7\u00e3o em transac\u00e7\u00f5es econ\u00f3micas internacionais, tais como o com\u00e9rcio global de petr\u00f3leo e subsequentes arenas de mercadorias. Devido \u00e0 sua abrang\u00eancia e aceita\u00e7\u00e3o global, o d\u00f3lar americano continua a ser um instrumento fundamental em transa\u00e7\u00f5es financeiras em grande escala, melhorando o com\u00e9rcio e o investimento entre pa\u00edses e continentes.<\/p><h2>Euro<\/h2><p>O euro, moeda nacional da Uni\u00e3o Europeia, \u00e9 uma das principais e mais importantes moedas da economia mundial. Entrou em circula\u00e7\u00e3o em 1999, inicialmente como uma unidade virtual para pagamentos n\u00e3o monet\u00e1rios e gest\u00e3o financeira, e mais tarde em 2002 sob a forma de notas e moedas, &euro; rapidamente conquistou seu lugar no cen\u00e1rio internacional. Atualmente, o euro \u00e9 utilizado em mais de 19 pa\u00edses da zona euro. O seu papel fundamental na economia internacional n\u00e3o pode ser exagerado: o euro \u00e9 a moeda de reserva mais importante depois do d\u00f3lar americano e desempenha um papel importante no com\u00e9rcio mundial, nas transa\u00e7\u00f5es econ\u00f3micas e como m\u00e9todo de avalia\u00e7\u00e3o em tratados globais. O Euro promove a fiabilidade econ\u00f3mica e a coes\u00e3o entre os pa\u00edses parceiros, facilitando o com\u00e9rcio e o investimento no mercado interno \u00fanico.<\/p>\n\n","protected":false},"excerpt":{"rendered":"<p>Na sociedade de pagamentos atual, os pa\u00edses est\u00e3o extremamente interligados, por isso as finan\u00e7as desempenham um papel de lideran\u00e7a neste sistema vers\u00e1til de rela\u00e7\u00f5es de pagamento globais. As moedas internacionais, seja o d\u00f3lar americano, o euro, a libra esterlina ou o iene japon\u00eas, servem n\u00e3o apenas como um m\u00e9todo de transfer\u00eancia entre seus pa\u00edses, mas [&hellip;]<\/p>\n","protected":false},"author":3,"featured_media":0,"parent":0,"menu_order":0,"comment_status":"closed","ping_status":"closed","template":"","meta":{"om_disable_all_campaigns":false,"_monsterinsights_skip_tracking":false,"_monsterinsights_sitenote_active":false,"_monsterinsights_sitenote_note":"","_monsterinsights_sitenote_category":0,"_uf_show_specific_survey":0,"_uf_disable_surveys":false,"footnotes":""},"aioseo_notices":[],"_links":{"self":[{"href":"https:\/\/jorge-alvarado.com\/index.php\/wp-json\/wp\/v2\/pages\/447"}],"collection":[{"href":"https:\/\/jorge-alvarado.com\/index.php\/wp-json\/wp\/v2\/pages"}],"about":[{"href":"https:\/\/jorge-alvarado.com\/index.php\/wp-json\/wp\/v2\/types\/page"}],"author":[{"embeddable":true,"href":"https:\/\/jorge-alvarado.com\/index.php\/wp-json\/wp\/v2\/users\/3"}],"replies":[{"embeddable":true,"href":"https:\/\/jorge-alvarado.com\/index.php\/wp-json\/wp\/v2\/comments?post=447"}],"version-history":[{"count":1,"href":"https:\/\/jorge-alvarado.com\/index.php\/wp-json\/wp\/v2\/pages\/447\/revisions"}],"predecessor-version":[{"id":448,"href":"https:\/\/jorge-alvarado.com\/index.php\/wp-json\/wp\/v2\/pages\/447\/revisions\/448"}],"wp:attachment":[{"href":"https:\/\/jorge-alvarado.com\/index.php\/wp-json\/wp\/v2\/media?parent=447"}],"curies":[{"name":"wp","href":"https:\/\/api.w.org\/{rel}","templated":true}]}}